{"id":21,"date":"2025-10-19T18:04:22","date_gmt":"2025-10-19T17:04:22","guid":{"rendered":"https:\/\/lavandamomparler.com\/projects\/"},"modified":"2025-11-08T21:16:43","modified_gmt":"2025-11-08T20:16:43","slug":"projects","status":"publish","type":"page","link":"https:\/\/lavandamomparler.com\/en\/projects\/","title":{"rendered":"Projects"},"content":{"rendered":"<div data-elementor-type=\"wp-page\" data-elementor-id=\"21\" class=\"elementor elementor-21\">\n\t\t\t\t<div class=\"elementor-element elementor-element-c8f2642 e-flex e-con-boxed e-con e-parent\" data-id=\"c8f2642\" data-element_type=\"container\" data-e-type=\"container\" data-settings=\"{&quot;background_background&quot;:&quot;classic&quot;}\">\n\t\t\t\t\t<div class=\"e-con-inner\">\n\t\t\t\t<div class=\"elementor-element elementor-element-9c81f71 elementor-widget elementor-widget-heading\" data-id=\"9c81f71\" data-element_type=\"widget\" data-e-type=\"widget\" data-widget_type=\"heading.default\">\n\t\t\t\t<div class=\"elementor-widget-container\">\n\t\t\t\t\t<h1 class=\"elementor-heading-title elementor-size-default\">Projects<\/h1>\t\t\t\t<\/div>\n\t\t\t\t<\/div>\n\t\t\t\t<div class=\"elementor-element elementor-element-0828825 elementor-widget elementor-widget-text-editor\" data-id=\"0828825\" data-element_type=\"widget\" data-e-type=\"widget\" data-widget_type=\"text-editor.default\">\n\t\t\t\t<div class=\"elementor-widget-container\">\n\t\t\t\t\t\t\t\t\t<p>The projects undertaken by our company, Lavanda Momparler, are mainly focused on the landscape design of residential and\/or private gardens, integrated landscaping, green architecture, public works, and green urban planning.<\/p>\t\t\t\t\t\t\t\t<\/div>\n\t\t\t\t<\/div>\n\t\t\t\t\t<\/div>\n\t\t\t\t<\/div>\n\t\t<div class=\"elementor-element elementor-element-230eb79 e-flex e-con-boxed e-con e-parent\" data-id=\"230eb79\" data-element_type=\"container\" data-e-type=\"container\" data-settings=\"{&quot;background_background&quot;:&quot;classic&quot;}\">\n\t\t\t\t\t<div class=\"e-con-inner\">\n\t\t\t\t<div class=\"elementor-element elementor-element-b3e8bfa elementor-position-inline-start elementor-mobile-position-inline-start elementor-view-default elementor-invisible elementor-widget elementor-widget-icon-box\" data-id=\"b3e8bfa\" data-element_type=\"widget\" data-e-type=\"widget\" data-settings=\"{&quot;_animation&quot;:&quot;slideInDown&quot;,&quot;_animation_delay&quot;:100}\" data-widget_type=\"icon-box.default\">\n\t\t\t\t<div class=\"elementor-widget-container\">\n\t\t\t\t\t\t\t<div class=\"elementor-icon-box-wrapper\">\n\n\t\t\t\t\t\t<div class=\"elementor-icon-box-icon\">\n\t\t\t\t<span  class=\"elementor-icon\">\n\t\t\t\t<svg aria-hidden=\"true\" class=\"e-font-icon-svg e-fas-seedling\" viewbox=\"0 0 512 512\" xmlns=\"http:\/\/www.w3.org\/2000\/svg\"><path d=\"M64 96H0c0 123.7 100.3 224 224 224v144c0 8.8 7.2 16 16 16h32c8.8 0 16-7.2 16-16V320C288 196.3 187.7 96 64 96zm384-64c-84.2 0-157.4 46.5-195.7 115.2 27.7 30.2 48.2 66.9 59 107.6C424 243.1 512 147.9 512 32h-64z\"><\/path><\/svg>\t\t\t\t<\/span>\n\t\t\t<\/div>\n\t\t\t\n\t\t\t\t\t\t<div class=\"elementor-icon-box-content\">\n\n\t\t\t\t\t\t\t\t\t<p class=\"elementor-icon-box-title\">\n\t\t\t\t\t\t<span  >\n\t\t\t\t\t\t\tOur projects\t\t\t\t\t\t<\/span>\n\t\t\t\t\t<\/p>\n\t\t\t\t\n\t\t\t\t\n\t\t\t<\/div>\n\t\t\t\n\t\t<\/div>\n\t\t\t\t\t\t<\/div>\n\t\t\t\t<\/div>\n\t\t\t\t<div class=\"elementor-element elementor-element-a2126b7 elementor-invisible elementor-widget elementor-widget-heading\" data-id=\"a2126b7\" data-element_type=\"widget\" data-e-type=\"widget\" data-settings=\"{&quot;_animation&quot;:&quot;slideInUp&quot;}\" data-widget_type=\"heading.default\">\n\t\t\t\t<div class=\"elementor-widget-container\">\n\t\t\t\t\t<h2 class=\"elementor-heading-title elementor-size-default\">Landscape projects<\/h2>\t\t\t\t<\/div>\n\t\t\t\t<\/div>\n\t\t<div class=\"elementor-element elementor-element-1966f47 e-grid e-con-full e-con e-child\" data-id=\"1966f47\" data-element_type=\"container\" data-e-type=\"container\" data-settings=\"{&quot;background_background&quot;:&quot;classic&quot;}\">\n\t\t\t\t<div class=\"elementor-element elementor-element-3ac1287 elementor-widget elementor-widget-image\" data-id=\"3ac1287\" data-element_type=\"widget\" data-e-type=\"widget\" data-widget_type=\"image.default\">\n\t\t\t\t<div class=\"elementor-widget-container\">\n\t\t\t\t\t\t\t\t\t\t\t\t\t\t\t<img fetchpriority=\"high\" decoding=\"async\" width=\"768\" height=\"439\" src=\"https:\/\/lavandamomparler.com\/wp-content\/uploads\/2025\/10\/image-2025-10-22-2-768x439.jpg\" class=\"attachment-medium_large size-medium_large wp-image-3233\" alt=\"image 2025 10 22 (2)\" srcset=\"https:\/\/lavandamomparler.com\/wp-content\/uploads\/2025\/10\/image-2025-10-22-2-768x439.jpg 768w, https:\/\/lavandamomparler.com\/wp-content\/uploads\/2025\/10\/image-2025-10-22-2-300x171.jpg 300w, https:\/\/lavandamomparler.com\/wp-content\/uploads\/2025\/10\/image-2025-10-22-2-1024x585.jpg 1024w, https:\/\/lavandamomparler.com\/wp-content\/uploads\/2025\/10\/image-2025-10-22-2.jpg 1344w\" sizes=\"(max-width: 768px) 100vw, 768px\" title=\"Projects\">\t\t\t\t\t\t\t\t\t\t\t\t\t\t\t<\/div>\n\t\t\t\t<\/div>\n\t\t\t\t<div class=\"elementor-element elementor-element-d798723 elementor-widget elementor-widget-image\" data-id=\"d798723\" data-element_type=\"widget\" data-e-type=\"widget\" data-widget_type=\"image.default\">\n\t\t\t\t<div class=\"elementor-widget-container\">\n\t\t\t\t\t\t\t\t\t\t\t\t\t\t\t<img decoding=\"async\" width=\"2560\" height=\"1440\" src=\"https:\/\/lavandamomparler.com\/wp-content\/uploads\/2025\/10\/Edge-Spring-scaled.jpg\" class=\"attachment-full size-full wp-image-3251\" alt=\"edge spring\" srcset=\"https:\/\/lavandamomparler.com\/wp-content\/uploads\/2025\/10\/Edge-Spring-scaled.jpg 2560w, https:\/\/lavandamomparler.com\/wp-content\/uploads\/2025\/10\/Edge-Spring-300x169.jpg 300w, https:\/\/lavandamomparler.com\/wp-content\/uploads\/2025\/10\/Edge-Spring-1024x576.jpg 1024w, https:\/\/lavandamomparler.com\/wp-content\/uploads\/2025\/10\/Edge-Spring-768x432.jpg 768w, https:\/\/lavandamomparler.com\/wp-content\/uploads\/2025\/10\/Edge-Spring-1536x864.jpg 1536w, https:\/\/lavandamomparler.com\/wp-content\/uploads\/2025\/10\/Edge-Spring-2048x1152.jpg 2048w\" sizes=\"(max-width: 2560px) 100vw, 2560px\" title=\"Projects\">\t\t\t\t\t\t\t\t\t\t\t\t\t\t\t<\/div>\n\t\t\t\t<\/div>\n\t\t\t\t<div class=\"elementor-element elementor-element-5fddbe7 elementor-widget elementor-widget-image\" data-id=\"5fddbe7\" data-element_type=\"widget\" data-e-type=\"widget\" data-widget_type=\"image.default\">\n\t\t\t\t<div class=\"elementor-widget-container\">\n\t\t\t\t\t\t\t\t\t\t\t\t\t\t\t<img decoding=\"async\" width=\"2560\" height=\"1440\" src=\"https:\/\/lavandamomparler.com\/wp-content\/uploads\/2025\/10\/IMG_0449-scaled.jpg\" class=\"attachment-full size-full wp-image-3254\" alt=\"img 0449\" srcset=\"https:\/\/lavandamomparler.com\/wp-content\/uploads\/2025\/10\/IMG_0449-scaled.jpg 2560w, https:\/\/lavandamomparler.com\/wp-content\/uploads\/2025\/10\/IMG_0449-300x169.jpg 300w, https:\/\/lavandamomparler.com\/wp-content\/uploads\/2025\/10\/IMG_0449-1024x576.jpg 1024w, https:\/\/lavandamomparler.com\/wp-content\/uploads\/2025\/10\/IMG_0449-768x432.jpg 768w, https:\/\/lavandamomparler.com\/wp-content\/uploads\/2025\/10\/IMG_0449-1536x864.jpg 1536w, https:\/\/lavandamomparler.com\/wp-content\/uploads\/2025\/10\/IMG_0449-2048x1152.jpg 2048w\" sizes=\"(max-width: 2560px) 100vw, 2560px\" title=\"Projects\">\t\t\t\t\t\t\t\t\t\t\t\t\t\t\t<\/div>\n\t\t\t\t<\/div>\n\t\t\t\t<div class=\"elementor-element elementor-element-2fc306c elementor-widget elementor-widget-image\" data-id=\"2fc306c\" data-element_type=\"widget\" data-e-type=\"widget\" data-widget_type=\"image.default\">\n\t\t\t\t<div class=\"elementor-widget-container\">\n\t\t\t\t\t\t\t\t\t\t\t\t\t\t\t<img loading=\"lazy\" decoding=\"async\" width=\"1024\" height=\"768\" src=\"https:\/\/lavandamomparler.com\/wp-content\/uploads\/2025\/10\/lavanda-floracion-051-1024x768.jpg\" class=\"attachment-large size-large wp-image-3260\" alt=\"lavanda floracio\u0301n 051\" srcset=\"https:\/\/lavandamomparler.com\/wp-content\/uploads\/2025\/10\/lavanda-floracion-051-1024x768.jpg 1024w, https:\/\/lavandamomparler.com\/wp-content\/uploads\/2025\/10\/lavanda-floracion-051-300x225.jpg 300w, https:\/\/lavandamomparler.com\/wp-content\/uploads\/2025\/10\/lavanda-floracion-051-768x576.jpg 768w, https:\/\/lavandamomparler.com\/wp-content\/uploads\/2025\/10\/lavanda-floracion-051-1536x1152.jpg 1536w, https:\/\/lavandamomparler.com\/wp-content\/uploads\/2025\/10\/lavanda-floracion-051-2048x1536.jpg 2048w\" sizes=\"(max-width: 1024px) 100vw, 1024px\" title=\"Projects\">\t\t\t\t\t\t\t\t\t\t\t\t\t\t\t<\/div>\n\t\t\t\t<\/div>\n\t\t\t\t<div class=\"elementor-element elementor-element-c227001 elementor-widget elementor-widget-image\" data-id=\"c227001\" data-element_type=\"widget\" data-e-type=\"widget\" data-widget_type=\"image.default\">\n\t\t\t\t<div class=\"elementor-widget-container\">\n\t\t\t\t\t\t\t\t\t\t\t\t\t\t\t<img loading=\"lazy\" decoding=\"async\" width=\"2048\" height=\"1536\" src=\"https:\/\/lavandamomparler.com\/wp-content\/uploads\/2025\/10\/7987145b-d33a-45a5-96ff-9e422bb01261.jpg\" class=\"attachment-full size-full wp-image-3241\" alt=\"7987145b d33a 45a5 96ff 9e422bb01261\" srcset=\"https:\/\/lavandamomparler.com\/wp-content\/uploads\/2025\/10\/7987145b-d33a-45a5-96ff-9e422bb01261.jpg 2048w, https:\/\/lavandamomparler.com\/wp-content\/uploads\/2025\/10\/7987145b-d33a-45a5-96ff-9e422bb01261-300x225.jpg 300w, https:\/\/lavandamomparler.com\/wp-content\/uploads\/2025\/10\/7987145b-d33a-45a5-96ff-9e422bb01261-1024x768.jpg 1024w, https:\/\/lavandamomparler.com\/wp-content\/uploads\/2025\/10\/7987145b-d33a-45a5-96ff-9e422bb01261-768x576.jpg 768w, https:\/\/lavandamomparler.com\/wp-content\/uploads\/2025\/10\/7987145b-d33a-45a5-96ff-9e422bb01261-1536x1152.jpg 1536w\" sizes=\"(max-width: 2048px) 100vw, 2048px\" title=\"Projects\">\t\t\t\t\t\t\t\t\t\t\t\t\t\t\t<\/div>\n\t\t\t\t<\/div>\n\t\t\t\t<div class=\"elementor-element elementor-element-e8e17ff elementor-widget elementor-widget-image\" data-id=\"e8e17ff\" data-element_type=\"widget\" data-e-type=\"widget\" data-widget_type=\"image.default\">\n\t\t\t\t<div class=\"elementor-widget-container\">\n\t\t\t\t\t\t\t\t\t\t\t\t\t\t\t<img loading=\"lazy\" decoding=\"async\" width=\"2048\" height=\"1536\" src=\"https:\/\/lavandamomparler.com\/wp-content\/uploads\/2025\/10\/48023ade-6eb4-4ab9-8e1e-c46e89188efa.jpg\" class=\"attachment-full size-full wp-image-3239\" alt=\"48023ade 6eb4 4ab9 8e1e c46e89188efa\" srcset=\"https:\/\/lavandamomparler.com\/wp-content\/uploads\/2025\/10\/48023ade-6eb4-4ab9-8e1e-c46e89188efa.jpg 2048w, https:\/\/lavandamomparler.com\/wp-content\/uploads\/2025\/10\/48023ade-6eb4-4ab9-8e1e-c46e89188efa-300x225.jpg 300w, https:\/\/lavandamomparler.com\/wp-content\/uploads\/2025\/10\/48023ade-6eb4-4ab9-8e1e-c46e89188efa-1024x768.jpg 1024w, https:\/\/lavandamomparler.com\/wp-content\/uploads\/2025\/10\/48023ade-6eb4-4ab9-8e1e-c46e89188efa-768x576.jpg 768w, https:\/\/lavandamomparler.com\/wp-content\/uploads\/2025\/10\/48023ade-6eb4-4ab9-8e1e-c46e89188efa-1536x1152.jpg 1536w\" sizes=\"(max-width: 2048px) 100vw, 2048px\" title=\"Projects\">\t\t\t\t\t\t\t\t\t\t\t\t\t\t\t<\/div>\n\t\t\t\t<\/div>\n\t\t\t\t<div class=\"elementor-element elementor-element-6b0e1da elementor-widget elementor-widget-image\" data-id=\"6b0e1da\" data-element_type=\"widget\" data-e-type=\"widget\" data-widget_type=\"image.default\">\n\t\t\t\t<div class=\"elementor-widget-container\">\n\t\t\t\t\t\t\t\t\t\t\t\t\t\t\t<img loading=\"lazy\" decoding=\"async\" width=\"1607\" height=\"1152\" src=\"https:\/\/lavandamomparler.com\/wp-content\/uploads\/2025\/10\/6f2831af-5ece-447a-9e7f-4bb915df9d06-e1761139807653.jpg\" class=\"attachment-full size-full wp-image-3235\" alt=\"6f2831af 5ece 447a 9e7f 4bb915df9d06\" srcset=\"https:\/\/lavandamomparler.com\/wp-content\/uploads\/2025\/10\/6f2831af-5ece-447a-9e7f-4bb915df9d06-e1761139807653.jpg 1607w, https:\/\/lavandamomparler.com\/wp-content\/uploads\/2025\/10\/6f2831af-5ece-447a-9e7f-4bb915df9d06-e1761139807653-300x215.jpg 300w, https:\/\/lavandamomparler.com\/wp-content\/uploads\/2025\/10\/6f2831af-5ece-447a-9e7f-4bb915df9d06-e1761139807653-1024x734.jpg 1024w, https:\/\/lavandamomparler.com\/wp-content\/uploads\/2025\/10\/6f2831af-5ece-447a-9e7f-4bb915df9d06-e1761139807653-768x551.jpg 768w, https:\/\/lavandamomparler.com\/wp-content\/uploads\/2025\/10\/6f2831af-5ece-447a-9e7f-4bb915df9d06-e1761139807653-1536x1101.jpg 1536w\" sizes=\"(max-width: 1607px) 100vw, 1607px\" title=\"Projects\">\t\t\t\t\t\t\t\t\t\t\t\t\t\t\t<\/div>\n\t\t\t\t<\/div>\n\t\t\t\t<div class=\"elementor-element elementor-element-89e53dd elementor-widget elementor-widget-image\" data-id=\"89e53dd\" data-element_type=\"widget\" data-e-type=\"widget\" data-widget_type=\"image.default\">\n\t\t\t\t<div class=\"elementor-widget-container\">\n\t\t\t\t\t\t\t\t\t\t\t\t\t\t\t<img loading=\"lazy\" decoding=\"async\" width=\"2560\" height=\"1440\" src=\"https:\/\/lavandamomparler.com\/wp-content\/uploads\/2025\/10\/263E4434-B28A-4AA9-946B-C137D12F9F62-scaled.jpg\" class=\"attachment-full size-full wp-image-3237\" alt=\"263e4434 b28a 4aa9 946b c137d12f9f62\" srcset=\"https:\/\/lavandamomparler.com\/wp-content\/uploads\/2025\/10\/263E4434-B28A-4AA9-946B-C137D12F9F62-scaled.jpg 2560w, https:\/\/lavandamomparler.com\/wp-content\/uploads\/2025\/10\/263E4434-B28A-4AA9-946B-C137D12F9F62-300x169.jpg 300w, https:\/\/lavandamomparler.com\/wp-content\/uploads\/2025\/10\/263E4434-B28A-4AA9-946B-C137D12F9F62-1024x576.jpg 1024w, https:\/\/lavandamomparler.com\/wp-content\/uploads\/2025\/10\/263E4434-B28A-4AA9-946B-C137D12F9F62-768x432.jpg 768w, https:\/\/lavandamomparler.com\/wp-content\/uploads\/2025\/10\/263E4434-B28A-4AA9-946B-C137D12F9F62-1536x864.jpg 1536w, https:\/\/lavandamomparler.com\/wp-content\/uploads\/2025\/10\/263E4434-B28A-4AA9-946B-C137D12F9F62-2048x1152.jpg 2048w\" sizes=\"(max-width: 2560px) 100vw, 2560px\" title=\"Projects\">\t\t\t\t\t\t\t\t\t\t\t\t\t\t\t<\/div>\n\t\t\t\t<\/div>\n\t\t\t\t<div class=\"elementor-element elementor-element-5da79a7 elementor-widget elementor-widget-image\" data-id=\"5da79a7\" data-element_type=\"widget\" data-e-type=\"widget\" data-widget_type=\"image.default\">\n\t\t\t\t<div class=\"elementor-widget-container\">\n\t\t\t\t\t\t\t\t\t\t\t\t\t\t\t<img loading=\"lazy\" decoding=\"async\" width=\"1920\" height=\"1290\" src=\"https:\/\/lavandamomparler.com\/wp-content\/uploads\/2025\/10\/IMG_1229-scaled-e1761138669337.jpg\" class=\"attachment-full size-full wp-image-3255\" alt=\"img 1229\" srcset=\"https:\/\/lavandamomparler.com\/wp-content\/uploads\/2025\/10\/IMG_1229-scaled-e1761138669337.jpg 1920w, https:\/\/lavandamomparler.com\/wp-content\/uploads\/2025\/10\/IMG_1229-scaled-e1761138669337-300x202.jpg 300w, https:\/\/lavandamomparler.com\/wp-content\/uploads\/2025\/10\/IMG_1229-scaled-e1761138669337-1024x688.jpg 1024w, https:\/\/lavandamomparler.com\/wp-content\/uploads\/2025\/10\/IMG_1229-scaled-e1761138669337-768x516.jpg 768w, https:\/\/lavandamomparler.com\/wp-content\/uploads\/2025\/10\/IMG_1229-scaled-e1761138669337-1536x1032.jpg 1536w\" sizes=\"(max-width: 1920px) 100vw, 1920px\" title=\"Projects\">\t\t\t\t\t\t\t\t\t\t\t\t\t\t\t<\/div>\n\t\t\t\t<\/div>\n\t\t\t\t<div class=\"elementor-element elementor-element-d524e72 elementor-widget elementor-widget-image\" data-id=\"d524e72\" data-element_type=\"widget\" data-e-type=\"widget\" data-widget_type=\"image.default\">\n\t\t\t\t<div class=\"elementor-widget-container\">\n\t\t\t\t\t\t\t\t\t\t\t\t\t\t\t<img loading=\"lazy\" decoding=\"async\" width=\"600\" height=\"447\" src=\"https:\/\/lavandamomparler.com\/wp-content\/uploads\/2025\/10\/PB-in-Autum-e1761559899640.jpg\" class=\"attachment-full size-full wp-image-3261\" alt=\"pb in autum\" srcset=\"https:\/\/lavandamomparler.com\/wp-content\/uploads\/2025\/10\/PB-in-Autum-e1761559899640.jpg 600w, https:\/\/lavandamomparler.com\/wp-content\/uploads\/2025\/10\/PB-in-Autum-e1761559899640-300x224.jpg 300w\" sizes=\"(max-width: 600px) 100vw, 600px\" title=\"Projects\">\t\t\t\t\t\t\t\t\t\t\t\t\t\t\t<\/div>\n\t\t\t\t<\/div>\n\t\t\t\t<div class=\"elementor-element elementor-element-7e29131 elementor-widget elementor-widget-image\" data-id=\"7e29131\" data-element_type=\"widget\" data-e-type=\"widget\" data-widget_type=\"image.default\">\n\t\t\t\t<div class=\"elementor-widget-container\">\n\t\t\t\t\t\t\t\t\t\t\t\t\t\t\t<img loading=\"lazy\" decoding=\"async\" width=\"2560\" height=\"1677\" src=\"https:\/\/lavandamomparler.com\/wp-content\/uploads\/2025\/10\/DSC03012-scaled-e1761141641860.jpg\" class=\"attachment-full size-full wp-image-3247\" alt=\"dsc03012\" srcset=\"https:\/\/lavandamomparler.com\/wp-content\/uploads\/2025\/10\/DSC03012-scaled-e1761141641860.jpg 2560w, https:\/\/lavandamomparler.com\/wp-content\/uploads\/2025\/10\/DSC03012-scaled-e1761141641860-300x197.jpg 300w, https:\/\/lavandamomparler.com\/wp-content\/uploads\/2025\/10\/DSC03012-scaled-e1761141641860-1024x671.jpg 1024w, https:\/\/lavandamomparler.com\/wp-content\/uploads\/2025\/10\/DSC03012-scaled-e1761141641860-768x503.jpg 768w, https:\/\/lavandamomparler.com\/wp-content\/uploads\/2025\/10\/DSC03012-scaled-e1761141641860-1536x1006.jpg 1536w, https:\/\/lavandamomparler.com\/wp-content\/uploads\/2025\/10\/DSC03012-scaled-e1761141641860-2048x1342.jpg 2048w\" sizes=\"(max-width: 2560px) 100vw, 2560px\" title=\"Projects\">\t\t\t\t\t\t\t\t\t\t\t\t\t\t\t<\/div>\n\t\t\t\t<\/div>\n\t\t\t\t<div class=\"elementor-element elementor-element-eccf1e2 elementor-widget elementor-widget-image\" data-id=\"eccf1e2\" data-element_type=\"widget\" data-e-type=\"widget\" data-widget_type=\"image.default\">\n\t\t\t\t<div class=\"elementor-widget-container\">\n\t\t\t\t\t\t\t\t\t\t\t\t\t\t\t<img loading=\"lazy\" decoding=\"async\" width=\"1440\" height=\"956\" src=\"https:\/\/lavandamomparler.com\/wp-content\/uploads\/2025\/10\/pb-verano-742-scaled-e1761146930939.jpg\" class=\"attachment-full size-full wp-image-3262\" alt=\"pb verano 742\" srcset=\"https:\/\/lavandamomparler.com\/wp-content\/uploads\/2025\/10\/pb-verano-742-scaled-e1761146930939.jpg 1440w, https:\/\/lavandamomparler.com\/wp-content\/uploads\/2025\/10\/pb-verano-742-scaled-e1761146930939-300x199.jpg 300w, https:\/\/lavandamomparler.com\/wp-content\/uploads\/2025\/10\/pb-verano-742-scaled-e1761146930939-1024x680.jpg 1024w, https:\/\/lavandamomparler.com\/wp-content\/uploads\/2025\/10\/pb-verano-742-scaled-e1761146930939-768x510.jpg 768w\" sizes=\"(max-width: 1440px) 100vw, 1440px\" title=\"Projects\">\t\t\t\t\t\t\t\t\t\t\t\t\t\t\t<\/div>\n\t\t\t\t<\/div>\n\t\t\t\t<\/div>\n\t\t\t\t\t<\/div>\n\t\t\t\t<\/div>\n\t\t<div class=\"elementor-element elementor-element-fe655fe e-flex e-con-boxed e-con e-parent\" data-id=\"fe655fe\" data-element_type=\"container\" data-e-type=\"container\" data-settings=\"{&quot;background_background&quot;:&quot;classic&quot;}\">\n\t\t\t\t\t<div class=\"e-con-inner\">\n\t\t<div class=\"elementor-element elementor-element-c153dce e-con-full e-flex e-con e-child\" data-id=\"c153dce\" data-element_type=\"container\" data-e-type=\"container\">\n\t\t\t\t<div class=\"elementor-element elementor-element-8335197 elementor-invisible elementor-widget elementor-widget-heading\" data-id=\"8335197\" data-element_type=\"widget\" data-e-type=\"widget\" data-settings=\"{&quot;_animation&quot;:&quot;slideInRight&quot;,&quot;_animation_mobile&quot;:&quot;slideInLeft&quot;}\" data-widget_type=\"heading.default\">\n\t\t\t\t<div class=\"elementor-widget-container\">\n\t\t\t\t\t<h2 class=\"elementor-heading-title elementor-size-default\">Do you want to transform any space?<\/h2>\t\t\t\t<\/div>\n\t\t\t\t<\/div>\n\t\t\t\t<div class=\"elementor-element elementor-element-53a1162 elementor-widget elementor-widget-text-editor\" data-id=\"53a1162\" data-element_type=\"widget\" data-e-type=\"widget\" data-widget_type=\"text-editor.default\">\n\t\t\t\t<div class=\"elementor-widget-container\">\n\t\t\t\t\t\t\t\t\t<p>Contact us to schedule an appointment and tell us more about your project.<\/p>\t\t\t\t\t\t\t\t<\/div>\n\t\t\t\t<\/div>\n\t\t\t\t<div class=\"elementor-element elementor-element-2489b3e elementor-invisible elementor-widget elementor-widget-button\" data-id=\"2489b3e\" data-element_type=\"widget\" data-e-type=\"widget\" data-settings=\"{&quot;_animation&quot;:&quot;fadeIn&quot;,&quot;_animation_delay&quot;:200}\" data-widget_type=\"button.default\">\n\t\t\t\t<div class=\"elementor-widget-container\">\n\t\t\t\t\t\t\t\t\t<div class=\"elementor-button-wrapper\">\n\t\t\t\t\t<a class=\"elementor-button elementor-button-link elementor-size-sm\" href=\"https:\/\/lavandamomparler.com\/en\/contact\/\">\n\t\t\t\t\t\t<span class=\"elementor-button-content-wrapper\">\n\t\t\t\t\t\t\t\t\t<span class=\"elementor-button-text\">Contact<\/span>\n\t\t\t\t\t<\/span>\n\t\t\t\t\t<\/a>\n\t\t\t\t<\/div>\n\t\t\t\t\t\t\t\t<\/div>\n\t\t\t\t<\/div>\n\t\t\t\t<\/div>\n\t\t\t\t\t<\/div>\n\t\t\t\t<\/div>\n\t\t\t\t<\/div>","protected":false},"excerpt":{"rendered":"<p>Proyectos Los proyectos de nuestra empresa Lavanda Momparler est\u00e1n orientados principalmente al dise\u00f1o paisaj\u00edstico de jardines residenciales y\/o privados, al [&hellip;]<\/p>\n","protected":false},"author":2,"featured_media":0,"parent":0,"menu_order":0,"comment_status":"closed","ping_status":"closed","template":"","meta":{"_surecart_dashboard_logo_width":"180px","_surecart_dashboard_show_logo":true,"_surecart_dashboard_navigation_orders":true,"_surecart_dashboard_navigation_invoices":true,"_surecart_dashboard_navigation_subscriptions":true,"_surecart_dashboard_navigation_downloads":true,"_surecart_dashboard_navigation_billing":true,"_surecart_dashboard_navigation_account":true,"_uag_custom_page_level_css":"","site-sidebar-layout":"no-sidebar","site-content-layout":"","ast-site-content-layout":"full-width-container","site-content-style":"unboxed","site-sidebar-style":"unboxed","ast-global-header-display":"","ast-banner-title-visibility":"","ast-main-header-display":"","ast-hfb-above-header-display":"","ast-hfb-below-header-display":"","ast-hfb-mobile-header-display":"","site-post-title":"disabled","ast-breadcrumbs-content":"","ast-featured-img":"disabled","footer-sml-layout":"","theme-transparent-header-meta":"enabled","adv-header-id-meta":"","stick-header-meta":"","header-above-stick-meta":"","header-main-stick-meta":"","header-below-stick-meta":"","astra-migrate-meta-layouts":"default","ast-page-background-enabled":"default","ast-page-background-meta":{"desktop":{"background-color":"var(--ast-global-color-4)","background-image":"","background-repeat":"repeat","background-position":"center center","background-size":"auto","background-attachment":"scroll","background-type":"","background-media":"","overlay-type":"","overlay-color":"","overlay-opacity":"","overlay-gradient":""},"tablet":{"background-color":"","background-image":"","background-repeat":"repeat","background-position":"center center","background-size":"auto","background-attachment":"scroll","background-type":"","background-media":"","overlay-type":"","overlay-color":"","overlay-opacity":"","overlay-gradient":""},"mobile":{"background-color":"","background-image":"","background-repeat":"repeat","background-position":"center center","background-size":"auto","background-attachment":"scroll","background-type":"","background-media":"","overlay-type":"","overlay-color":"","overlay-opacity":"","overlay-gradient":""}},"ast-content-background-meta":{"desktop":{"background-color":"var(--ast-global-color-5)","background-image":"","background-repeat":"repeat","background-position":"center center","background-size":"auto","background-attachment":"scroll","background-type":"","background-media":"","overlay-type":"","overlay-color":"","overlay-opacity":"","overlay-gradient":""},"tablet":{"background-color":"var(--ast-global-color-5)","background-image":"","background-repeat":"repeat","background-position":"center center","background-size":"auto","background-attachment":"scroll","background-type":"","background-media":"","overlay-type":"","overlay-color":"","overlay-opacity":"","overlay-gradient":""},"mobile":{"background-color":"var(--ast-global-color-5)","background-image":"","background-repeat":"repeat","background-position":"center center","background-size":"auto","background-attachment":"scroll","background-type":"","background-media":"","overlay-type":"","overlay-color":"","overlay-opacity":"","overlay-gradient":""}},"footnotes":""},"class_list":["post-21","page","type-page","status-publish","hentry"],"aioseo_notices":[],"_hostinger_reach_plugin_has_subscription_block":false,"_hostinger_reach_plugin_is_elementor":false,"uagb_featured_image_src":{"full":false,"thumbnail":false,"medium":false,"medium_large":false,"large":false,"1536x1536":false,"2048x2048":false,"trp-custom-language-flag":false},"uagb_author_info":{"display_name":"Maria Lope Iturriaga","author_link":"https:\/\/lavandamomparler.com\/en\/author\/mlopitu\/"},"uagb_comment_info":0,"uagb_excerpt":"Proyectos Los proyectos de nuestra empresa Lavanda Momparler est\u00e1n orientados principalmente al dise\u00f1o paisaj\u00edstico de jardines residenciales y\/o privados, al [&hellip;]","_links":{"self":[{"href":"https:\/\/lavandamomparler.com\/en\/wp-json\/wp\/v2\/pages\/21","targetHints":{"allow":["GET"]}}],"collection":[{"href":"https:\/\/lavandamomparler.com\/en\/wp-json\/wp\/v2\/pages"}],"about":[{"href":"https:\/\/lavandamomparler.com\/en\/wp-json\/wp\/v2\/types\/page"}],"author":[{"embeddable":true,"href":"https:\/\/lavandamomparler.com\/en\/wp-json\/wp\/v2\/users\/2"}],"replies":[{"embeddable":true,"href":"https:\/\/lavandamomparler.com\/en\/wp-json\/wp\/v2\/comments?post=21"}],"version-history":[{"count":45,"href":"https:\/\/lavandamomparler.com\/en\/wp-json\/wp\/v2\/pages\/21\/revisions"}],"predecessor-version":[{"id":4683,"href":"https:\/\/lavandamomparler.com\/en\/wp-json\/wp\/v2\/pages\/21\/revisions\/4683"}],"wp:attachment":[{"href":"https:\/\/lavandamomparler.com\/en\/wp-json\/wp\/v2\/media?parent=21"}],"curies":[{"name":"wp","href":"https:\/\/api.w.org\/{rel}","templated":true}]}}